{"id":71,"date":"2025-09-25T09:22:20","date_gmt":"2025-09-25T09:22:20","guid":{"rendered":"https:\/\/coccicadeaux.fr\/?page_id=71"},"modified":"2025-09-25T12:57:46","modified_gmt":"2025-09-25T12:57:46","slug":"accueil","status":"publish","type":"page","link":"https:\/\/coccicadeaux.fr\/","title":{"rendered":"Accueil"},"content":{"rendered":"\n<h2 class=\"wp-block-heading\">Nos Valeurs<\/h2>\n\n\n\n<div class=\"wp-block-columns is-layout-flex wp-container-core-columns-is-layout-9d6595d7 wp-block-columns-is-layout-flex\">\n<div class=\"wp-block-column is-layout-flow wp-block-column-is-layout-flow\">\n<p>Nos designs uniques allient tradition et innovation pour cr\u00e9er des cadeaux personnalis\u00e9s qui marquent les esprits.<\/p>\n<\/div>\n\n\n\n<div class=\"wp-block-column is-layout-flow wp-block-column-is-layout-flow\">\n<p>Nos mat\u00e9riaux nobles et notre savoir-faire artisanal garantissent des produits durables d&#8217;exception.<\/p>\n<\/div>\n\n\n\n<div class=\"wp-block-column is-layout-flow wp-block-column-is-layout-flow\">\n<p>Chaque cr\u00e9ation raconte une histoire et transmet des \u00e9motions authentiques pour des moments inoubliables.<\/p>\n<\/div>\n<\/div>\n\n\n\n<p>L&#8217;Art du Cadeau Unique<\/p>\n\n\n","protected":false},"excerpt":{"rendered":"<p>Nos Valeurs Nos designs uniques allient tradition et innovation pour cr\u00e9er des cadeaux personnalis\u00e9s qui marquent les esprits. Nos mat\u00e9riaux nobles et notre savoir-faire artisanal garantissent des produits durables d&#8217;exception. Chaque cr\u00e9ation raconte une histoire et transmet des \u00e9motions authentiques pour des moments inoubliables. L&#8217;Art du Cadeau Unique<\/p>\n","protected":false},"author":1,"featured_media":0,"parent":0,"menu_order":0,"comment_status":"closed","ping_status":"closed","template":"templates\/template-full-width.php","meta":{"footnotes":""},"class_list":["post-71","page","type-page","status-publish","hentry"],"jetpack_sharing_enabled":true,"_links":{"self":[{"href":"https:\/\/coccicadeaux.fr\/index.php\/wp-json\/wp\/v2\/pages\/71","targetHints":{"allow":["GET"]}}],"collection":[{"href":"https:\/\/coccicadeaux.fr\/index.php\/wp-json\/wp\/v2\/pages"}],"about":[{"href":"https:\/\/coccicadeaux.fr\/index.php\/wp-json\/wp\/v2\/types\/page"}],"author":[{"embeddable":true,"href":"https:\/\/coccicadeaux.fr\/index.php\/wp-json\/wp\/v2\/users\/1"}],"replies":[{"embeddable":true,"href":"https:\/\/coccicadeaux.fr\/index.php\/wp-json\/wp\/v2\/comments?post=71"}],"version-history":[{"count":19,"href":"https:\/\/coccicadeaux.fr\/index.php\/wp-json\/wp\/v2\/pages\/71\/revisions"}],"predecessor-version":[{"id":106,"href":"https:\/\/coccicadeaux.fr\/index.php\/wp-json\/wp\/v2\/pages\/71\/revisions\/106"}],"wp:attachment":[{"href":"https:\/\/coccicadeaux.fr\/index.php\/wp-json\/wp\/v2\/media?parent=71"}],"curies":[{"name":"wp","href":"https:\/\/api.w.org\/{rel}","templated":true}]}}